{"id":449,"date":"2025-10-14T11:03:08","date_gmt":"2025-10-14T11:03:08","guid":{"rendered":"https:\/\/pucciufficio.it\/web\/?page_id=449"},"modified":"2025-10-15T09:55:07","modified_gmt":"2025-10-15T09:55:07","slug":"spring-sistemi","status":"publish","type":"page","link":"https:\/\/pucciufficio.it\/web\/spring-sistemi\/","title":{"rendered":"SPRING | Sistemi"},"content":{"rendered":"<div   class='avia-fullscreen-slider main_color   avia-builder-el-0  el_before_av_section  avia-builder-el-first  container_wrap fullsize'  ><div  class='avia-slideshow av-mgqdt8mx-c8e4b7d2edb106081fda9ac83f3df3e5 avia-slideshow-extra_large av_fullscreen avia-slide-slider av-slideshow-ui av-control-default av-slideshow-manual av-loop-once av-loop-manual-endless av-default-height-applied   avia-slideshow-1' data-slideshow-options=\"{&quot;animation&quot;:&quot;slide&quot;,&quot;autoplay&quot;:false,&quot;loop_autoplay&quot;:&quot;once&quot;,&quot;interval&quot;:5,&quot;loop_manual&quot;:&quot;manual-endless&quot;,&quot;autoplay_stopper&quot;:false,&quot;noNavigation&quot;:false,&quot;bg_slider&quot;:true,&quot;keep_padding&quot;:false,&quot;hoverpause&quot;:false,&quot;show_slide_delay&quot;:0,&quot;slide_height&quot;:&quot;100&quot;,&quot;image_attachment&quot;:&quot;&quot;}\"  itemprop=\"image\" itemscope=\"itemscope\" itemtype=\"https:\/\/schema.org\/ImageObject\" ><ul class='avia-slideshow-inner ' style='padding-bottom: 73.133333333333%;'><li style='background-position:center center;' data-img-url='https:\/\/pucciufficio.it\/web\/wp-content\/uploads\/2025\/10\/BackgroundSpring.jpg' class='avia-slideshow-slide av-mgqdt8mx-c8e4b7d2edb106081fda9ac83f3df3e5__0  av-single-slide slide-1 slide-odd'><div data-rel='slideshow-1' class='avia-slide-wrap '   ><\/div><\/li><\/ul><\/div><\/div>\n\n<style type=\"text\/css\" data-created_by=\"avia_inline_auto\" id=\"style-css-av-mgqe51wv-dee8d22fb57ee4dbf34815094ae1e541\">\n.avia-section.av-mgqe51wv-dee8d22fb57ee4dbf34815094ae1e541{\nbackground-color:#a71931;\nbackground-image:unset;\n}\n<\/style>\n<div id='av_section_1'  class='avia-section av-mgqe51wv-dee8d22fb57ee4dbf34815094ae1e541 main_color avia-section-default avia-no-border-styling  avia-builder-el-1  el_after_av_fullscreen  el_before_av_one_third  avia-bg-style-scroll container_wrap fullsize'  ><div class='container av-section-cont-open' ><div class='template-page content  av-content-full alpha units'><div class='post-entry post-entry-type-page post-entry-449'><div class='entry-content-wrapper clearfix'>\n\n<style type=\"text\/css\" data-created_by=\"avia_inline_auto\" id=\"style-css-av-mgqe5kgt-c8a2788e7cc2c8214205725e77fa62e8\">\n#top .av-special-heading.av-mgqe5kgt-c8a2788e7cc2c8214205725e77fa62e8{\npadding-bottom:10px;\ncolor:#ffffff;\n}\nbody .av-special-heading.av-mgqe5kgt-c8a2788e7cc2c8214205725e77fa62e8 .av-special-heading-tag .heading-char{\nfont-size:25px;\n}\n.av-special-heading.av-mgqe5kgt-c8a2788e7cc2c8214205725e77fa62e8 .special-heading-inner-border{\nborder-color:#ffffff;\n}\n.av-special-heading.av-mgqe5kgt-c8a2788e7cc2c8214205725e77fa62e8 .av-subheading{\nfont-size:15px;\n}\n<\/style>\n<div  class='av-special-heading av-mgqe5kgt-c8a2788e7cc2c8214205725e77fa62e8 av-special-heading-h3 custom-color-heading blockquote modern-quote modern-centered  avia-builder-el-2  avia-builder-el-no-sibling '><h3 class='av-special-heading-tag '  itemprop=\"headline\"  >SPRING \u00ae | Sistemi <\/h3><div class=\"special-heading-border\"><div class=\"special-heading-inner-border\"><\/div><\/div><\/div>\n<\/div><\/div><\/div><!-- close content main div --><\/div><\/div><div id='after_section_1'  class='main_color av_default_container_wrap container_wrap fullsize'  ><div class='container av-section-cont-open' ><div class='template-page content  av-content-full alpha units'><div class='post-entry post-entry-type-page post-entry-449'><div class='entry-content-wrapper clearfix'>\n\n<style type=\"text\/css\" data-created_by=\"avia_inline_auto\" id=\"style-css-av-1kpuhd-be33d27574513adee76c2814d6e987e6\">\n.flex_column.av-1kpuhd-be33d27574513adee76c2814d6e987e6{\nborder-width:4px;\nborder-color:#a7d8d6;\nborder-style:solid;\nborder-radius:10px 10px 10px 10px;\npadding:20px 20px 20px 20px;\n}\n<\/style>\n<div  class='flex_column av-1kpuhd-be33d27574513adee76c2814d6e987e6 av_one_third  avia-builder-el-3  el_after_av_section  el_before_av_two_third  avia-builder-el-first  first flex_column_div av-animated-generic left-to-right  '     ><div  class='avia-builder-widget-area clearfix  avia-builder-el-4  avia-builder-el-no-sibling '><div id=\"super_rss_reader-5\" class=\"widget clearfix widget_super_rss_reader\"><h3 class=\"widgettitle\">NOTIZIE SU SPRING | SISTEMI<\/h3><!-- Start - Super RSS Reader v5.3-->\r\n        <div class=\"super-rss-reader-widget\"><div class=\"srr-main\"><div class=\"srr-wrap srr-style-none\" data-id=\"srr-tab-372\"><p>RSS Error: Retrieved unsupported status code \"403\"<\/p><\/div><\/div><\/div><!-- End - Super RSS Reader --><\/div><\/div><\/div>\n<div  class='flex_column av-1ex7oh-3a6327aa250e61022121e88062cec4d3 av_two_third  avia-builder-el-5  el_after_av_one_third  el_before_av_one_half  flex_column_div av-animated-generic right-to-left  '     ><p>\n<style type=\"text\/css\" data-created_by=\"avia_inline_auto\" id=\"style-css-av-mgqggmba-e228ada12466808784a706769287ac4b\">\n#top .av-special-heading.av-mgqggmba-e228ada12466808784a706769287ac4b{\npadding-bottom:10px;\n}\nbody .av-special-heading.av-mgqggmba-e228ada12466808784a706769287ac4b .av-special-heading-tag .heading-char{\nfont-size:25px;\n}\n.av-special-heading.av-mgqggmba-e228ada12466808784a706769287ac4b .av-subheading{\nfont-size:15px;\n}\n<\/style>\n<div  class='av-special-heading av-mgqggmba-e228ada12466808784a706769287ac4b av-special-heading-h3  avia-builder-el-6  el_before_av_textblock  avia-builder-el-first '><h3 class='av-special-heading-tag '  itemprop=\"headline\"  >AMMINISTRAZIONE<\/h3><div class=\"special-heading-border\"><div class=\"special-heading-inner-border\"><\/div><\/div><\/div><br \/>\n\n<style type=\"text\/css\" data-created_by=\"avia_inline_auto\" id=\"style-css-av-mgqgh2it-7c02422986bb43788db468a1b0e63e0a\">\n#top .av_textblock_section.av-mgqgh2it-7c02422986bb43788db468a1b0e63e0a .avia_textblock{\nfont-size:17px;\n}\n<\/style>\n<section  class='av_textblock_section av-mgqgh2it-7c02422986bb43788db468a1b0e63e0a '   itemscope=\"itemscope\" itemtype=\"https:\/\/schema.org\/CreativeWork\" ><div class='avia_textblock'  itemprop=\"text\" ><p>Con SPRING gestisci in modo semplice e preciso tutti gli\u00a0<strong>adempimenti civilistici e fiscali<\/strong>: contabilit\u00e0 ordinaria e semplificata, contabilit\u00e0 Iva, cespiti, crediti e debiti, incassi e pagamenti e redazione del bilancio.<\/p>\n<p>Inoltre, puoi velocizzare la contabilizzazione delle fatture passive con l\u2019<strong>Intelligenza Artificiale integrata<\/strong>.<\/p>\n<p>Non devi pi\u00f9 preoccuparti di quali dati e documenti devono essere prodotti, perch\u00e9 il\u00a0<strong>software<\/strong>\u00a0<strong>gestionale<\/strong>\u00a0\u00e8\u00a0<strong>costantemente<\/strong>\u00a0e\u00a0<strong>tempestivamente<\/strong>\u00a0<strong>aggiornato<\/strong>\u00a0seguendo l\u2019evoluzione\u00a0<strong>normativa<\/strong>\u00a0e ti guida nell\u2019elaborazione di quanto occorre.<\/p>\n<p>Hai inoltre diverse modalit\u00e0 di interrogazione che ti permettono di accedere o stampare agevolmente, in ogni momento, le informazioni che ti servono.<\/p>\n<\/div><\/section><\/p><\/div>\n<div  class='flex_column av-mgqgoosq-cf90cf1207067a33ffd7b1849e7f3b75 av_one_half  avia-builder-el-8  el_after_av_two_third  el_before_av_one_half  first flex_column_div av-animated-generic left-to-right  column-top-margin'     ><p>\n<style type=\"text\/css\" data-created_by=\"avia_inline_auto\" id=\"style-css-av-mgqgl0qv-9f9b77c75cb7ad9715d7515c90888823\">\n#top .av-special-heading.av-mgqgl0qv-9f9b77c75cb7ad9715d7515c90888823{\npadding-bottom:10px;\n}\nbody .av-special-heading.av-mgqgl0qv-9f9b77c75cb7ad9715d7515c90888823 .av-special-heading-tag .heading-char{\nfont-size:25px;\n}\n.av-special-heading.av-mgqgl0qv-9f9b77c75cb7ad9715d7515c90888823 .av-subheading{\nfont-size:15px;\n}\n<\/style>\n<div  class='av-special-heading av-mgqgl0qv-9f9b77c75cb7ad9715d7515c90888823 av-special-heading-h3  avia-builder-el-9  el_before_av_textblock  avia-builder-el-first '><h3 class='av-special-heading-tag '  itemprop=\"headline\"  >VENDITE<\/h3><div class=\"special-heading-border\"><div class=\"special-heading-inner-border\"><\/div><\/div><\/div><br \/>\n\n<style type=\"text\/css\" data-created_by=\"avia_inline_auto\" id=\"style-css-av-mgqgmgqu-63c5cc7e20e79d3b37afc34656aee43c\">\n#top .av_textblock_section.av-mgqgmgqu-63c5cc7e20e79d3b37afc34656aee43c .avia_textblock{\nfont-size:17px;\n}\n<\/style>\n<section  class='av_textblock_section av-mgqgmgqu-63c5cc7e20e79d3b37afc34656aee43c '   itemscope=\"itemscope\" itemtype=\"https:\/\/schema.org\/CreativeWork\" ><div class='avia_textblock'  itemprop=\"text\" ><h5>Gestisci in modo completo e tracciabile<br \/>\nil flusso di vendita<\/h5>\n<p>Con un clic, puoi conoscere i tuoi clienti a 360\u00b0: prodotti venduti, situazione finanziaria, fatturato generato, situazione degli ordini e delle spedizioni.<\/p>\n<p>Inoltre hai sempre sotto controllo l\u2019<strong>andamento delle vendite:<\/strong>\u00a0puoi\u00a0gestire con semplicit\u00e0 gli\u00a0<strong>agenti,<\/strong>\u00a0il\u00a0<strong>calcolo\u00a0<\/strong>e la\u00a0<strong>liquidazione<\/strong>\u00a0delle loro\u00a0<strong>provvigioni<\/strong>.<\/p>\n<p>Mediante un processo semplice e integrato con gli altri moduli della piattaforma gestionale \u00e8 possibile creare\u00a0<strong>preventivi<\/strong>, promozioni,\u00a0<strong>conferme d\u2019ordine<\/strong>,\u00a0<strong>documenti di trasporto<\/strong>\u00a0ed emettere le\u00a0<strong>fatture<\/strong><strong>\u00a0di vendita (anche in formato elettronico).<\/strong><\/p>\n<\/div><\/section><\/p><\/div>\n<div  class='flex_column av-mgqgouhq-f5a6099097d186e78e3f6639f265a584 av_one_half  avia-builder-el-11  el_after_av_one_half  el_before_av_section  avia-builder-el-last  flex_column_div av-animated-generic right-to-left  column-top-margin'     ><p>\n<style type=\"text\/css\" data-created_by=\"avia_inline_auto\" id=\"style-css-av-mgqgl8c7-b496cae2c1b5497d06a3455ba7b856da\">\n#top .av-special-heading.av-mgqgl8c7-b496cae2c1b5497d06a3455ba7b856da{\npadding-bottom:10px;\n}\nbody .av-special-heading.av-mgqgl8c7-b496cae2c1b5497d06a3455ba7b856da .av-special-heading-tag .heading-char{\nfont-size:25px;\n}\n.av-special-heading.av-mgqgl8c7-b496cae2c1b5497d06a3455ba7b856da .av-subheading{\nfont-size:15px;\n}\n<\/style>\n<div  class='av-special-heading av-mgqgl8c7-b496cae2c1b5497d06a3455ba7b856da av-special-heading-h3  avia-builder-el-12  el_before_av_textblock  avia-builder-el-first '><h3 class='av-special-heading-tag '  itemprop=\"headline\"  >ACQUISTI<\/h3><div class=\"special-heading-border\"><div class=\"special-heading-inner-border\"><\/div><\/div><\/div><br \/>\n\n<style type=\"text\/css\" data-created_by=\"avia_inline_auto\" id=\"style-css-av-mgqgnbz5-ac588f9065c8b050bba4f0107dec27c9\">\n#top .av_textblock_section.av-mgqgnbz5-ac588f9065c8b050bba4f0107dec27c9 .avia_textblock{\nfont-size:17px;\n}\n<\/style>\n<section  class='av_textblock_section av-mgqgnbz5-ac588f9065c8b050bba4f0107dec27c9 '   itemscope=\"itemscope\" itemtype=\"https:\/\/schema.org\/CreativeWork\" ><div class='avia_textblock'  itemprop=\"text\" ><h5>Pianifica e controlla i fabbisogni<br \/>\ndella tua impresa<\/h5>\n<p>Gestisci tutte le fasi del ciclo degli\u00a0<strong>acquisti<\/strong>\u00a0della tua azienda in modo\u00a0<strong>pianificato<\/strong>\u00a0e\u00a0<strong>controllato<\/strong>: dall\u2019<strong>emissione delle richieste di preventivo<\/strong>, all\u2019<strong>inserimento degli ordini a fornitore<\/strong>, la\u00a0<strong>registrazione dei documenti di trasporto<\/strong>\u00a0e la<strong>\u00a0registrazione delle fatture<\/strong>.<\/p>\n<p>Ti basta inserire i\u00a0<strong>dati<\/strong>\u00a0una volta sola<strong>,\u00a0<\/strong>vengono poi\u00a0<strong>derivati automaticamente<\/strong>\u00a0nei documenti successivi, per una\u00a0<strong>precisione maggiore<\/strong>\u00a0e un notevole\u00a0<strong>risparmio di tempo.<\/strong><\/p>\n<p>La piattaforma ti supporta nello scegliere cosa, quanto e da chi acquistare verificando quale \u00e8 il fornitore pi\u00f9 idoneo per puntualit\u00e0 ed economicit\u00e0 oppure analizzando i tempi medi di consegna, ritardo e prezzi applicati in modo tempestivo ed integrato con Excel.<\/p>\n<\/div><\/section><\/p><\/div>\n<\/div><\/div><\/div><!-- close content main div --><\/div><\/div>\n<style type=\"text\/css\" data-created_by=\"avia_inline_auto\" id=\"style-css-av-mgqezfiw-b67b5f08f58ca38f6a37bd50c70fc86f\">\n.avia-section.av-mgqezfiw-b67b5f08f58ca38f6a37bd50c70fc86f{\nbackground-color:#eeeeee;\nbackground-image:unset;\n}\n<\/style>\n<div id='av_section_2'  class='avia-section av-mgqezfiw-b67b5f08f58ca38f6a37bd50c70fc86f main_color avia-section-default avia-no-border-styling  avia-builder-el-14  el_after_av_one_half  el_before_av_one_fourth  avia-bg-style-scroll container_wrap fullsize'  ><div class='container av-section-cont-open' ><div class='template-page content  av-content-full alpha units'><div class='post-entry post-entry-type-page post-entry-449'><div class='entry-content-wrapper clearfix'>\n<div  class='flex_column av-eh88h-f58dc929d714ae350933c89d0da1b382 av_one_third  avia-builder-el-15  el_before_av_two_third  avia-builder-el-first  first flex_column_div av-animated-generic pop-up  '     ><style type=\"text\/css\" data-created_by=\"avia_inline_auto\" id=\"style-css-av-mgqhb6ec-331ee1831dca07bbf655f0f340df4d03\">\n.avia-image-container.av-mgqhb6ec-331ee1831dca07bbf655f0f340df4d03 img.avia_image{\nbox-shadow:none;\n}\n.avia-image-container.av-mgqhb6ec-331ee1831dca07bbf655f0f340df4d03 .av-image-caption-overlay-center{\ncolor:#ffffff;\n}\n<\/style>\n<div  class='avia-image-container av-mgqhb6ec-331ee1831dca07bbf655f0f340df4d03 av-styling- avia-align-center  avia-builder-el-16  avia-builder-el-no-sibling '   itemprop=\"image\" itemscope=\"itemscope\" itemtype=\"https:\/\/schema.org\/ImageObject\" ><div class=\"avia-image-container-inner\"><div class=\"avia-image-overlay-wrap\"><img decoding=\"async\" fetchpriority=\"high\" class='wp-image-460 avia-img-lazy-loading-not-460 avia_image ' src=\"https:\/\/pucciufficio.it\/web\/wp-content\/uploads\/2025\/10\/LAPTOP-SX-WIN-LOGISTICA-E-MAGAZZINO.png.webp\" alt='' title='LAPTOP-SX-WIN-LOGISTICA-E-MAGAZZINO.png'  height=\"487\" width=\"600\"  itemprop=\"thumbnailUrl\" srcset=\"https:\/\/pucciufficio.it\/web\/wp-content\/uploads\/2025\/10\/LAPTOP-SX-WIN-LOGISTICA-E-MAGAZZINO.png.webp 600w, https:\/\/pucciufficio.it\/web\/wp-content\/uploads\/2025\/10\/LAPTOP-SX-WIN-LOGISTICA-E-MAGAZZINO.png-300x244.webp 300w\" sizes=\"(max-width: 600px) 100vw, 600px\" \/><\/div><\/div><\/div><\/div><div  class='flex_column av-6uaux-5ccd0ddfb7a2c80afc20e3df20ddc4f7 av_two_third  avia-builder-el-17  el_after_av_one_third  avia-builder-el-last  flex_column_div  '     ><p>\n<style type=\"text\/css\" data-created_by=\"avia_inline_auto\" id=\"style-css-av-mgqhbkjt-df1d695e357c95327cbf963e19a76a9a\">\n#top .av-special-heading.av-mgqhbkjt-df1d695e357c95327cbf963e19a76a9a{\npadding-bottom:10px;\n}\nbody .av-special-heading.av-mgqhbkjt-df1d695e357c95327cbf963e19a76a9a .av-special-heading-tag .heading-char{\nfont-size:25px;\n}\n.av-special-heading.av-mgqhbkjt-df1d695e357c95327cbf963e19a76a9a .av-subheading{\nfont-size:15px;\n}\n<\/style>\n<div  class='av-special-heading av-mgqhbkjt-df1d695e357c95327cbf963e19a76a9a av-special-heading-h1 blockquote modern-quote  avia-builder-el-18  el_before_av_textblock  avia-builder-el-first '><h1 class='av-special-heading-tag '  itemprop=\"headline\"  >LOGISTICA E MAGAZZINO<\/h1><div class=\"special-heading-border\"><div class=\"special-heading-inner-border\"><\/div><\/div><\/div><br \/>\n\n<style type=\"text\/css\" data-created_by=\"avia_inline_auto\" id=\"style-css-av-mgqhc4c1-496bc0b64ab9b3a108f4fecd4b4d998b\">\n#top .av_textblock_section.av-mgqhc4c1-496bc0b64ab9b3a108f4fecd4b4d998b .avia_textblock{\nfont-size:17px;\n}\n<\/style>\n<section  class='av_textblock_section av-mgqhc4c1-496bc0b64ab9b3a108f4fecd4b4d998b '   itemscope=\"itemscope\" itemtype=\"https:\/\/schema.org\/CreativeWork\" ><div class='avia_textblock'  itemprop=\"text\" ><h5>Hai sempre sotto controllo le\u00a0<strong>movimentazioni<\/strong>\u00a0e la\u00a0<strong>situazione<\/strong>\u00a0del\u00a0<strong>magazzino<\/strong>\u00a0in modo puntale e organizzato:\u00a0<strong>scorte<\/strong>,\u00a0<strong>inventario<\/strong>,\u00a0<strong>giacenze<\/strong>\u00a0e\u00a0<strong>riordini<\/strong>.<\/h5>\n<p>Il controllo automatico ti permette di conoscere tutte le\u00a0<strong>informazioni<\/strong>\u00a0sulle\u00a0<strong>giacenze<\/strong>, sapere se i prodotti sono disponibili, in quale\u00a0magazzino\u00a0e per quando \u00e8 prevista la\u00a0<strong>spedizione<\/strong>\u00a0o la\u00a0<strong>consegna<\/strong>.<br \/>\nHai inoltre tutte le informazioni sui\u00a0<strong>lotti<\/strong>:\u00a0movimentazione,\u00a0scadenza,\u00a0fornitore\u00a0e\u00a0cliente di riferimento.<br \/>\nLe\u00a0consegne\u00a0e le\u00a0spedizioni sono veloci e senza errori: la\u00a0<strong>rilevazione<\/strong>\u00a0della\u00a0<strong>movimentazione<\/strong>\u00a0degli\u00a0<strong>articoli<\/strong>\u00a0\u00e8 infatti automatica e supportata da\u00a0<strong>terminali<\/strong>\u00a0<strong>portatili<\/strong>.<br \/>\nGrazie all\u2019integrazione\u00a0con gli altri moduli, sei sempre a conoscenza degli articoli da acquistare: dal\u00a0Modulo Acquisti, ad esempio, puoi sapere esattamente la\u00a0quantit\u00e0 da rifornire, il\u00a0fornitore idoneo, la\u00a0data di emissione dell\u2019ordine\u00a0e la\u00a0data di consegna prevista.<br \/>\nPuoi, infine, verificare la\u00a0<strong>gestione<\/strong>\u00a0del\u00a0<strong>magazzino<\/strong>\u00a0<strong>fiscale<\/strong>\u00a0senza problemi, attraverso gli\u00a0<strong>inventari<\/strong>\u00a0di magazzino, le\u00a0<strong>rettifiche<\/strong>\u00a0<strong>inventariali<\/strong>\u00a0automatiche, gli\u00a0scaglioni\u00a0<strong>LIFO<\/strong>\u00a0e\u00a0<strong>FIFO<\/strong>\u00a0e le\u00a0valutazioni di magazzino di periodo\u00a0e di\u00a0esercizio.<\/p>\n<\/div><\/section><\/p><\/div>\n<\/div><\/div><\/div><!-- close content main div --><\/div><\/div><div id='after_section_2'  class='main_color av_default_container_wrap container_wrap fullsize'  ><div class='container av-section-cont-open' ><div class='template-page content  av-content-full alpha units'><div class='post-entry post-entry-type-page post-entry-449'><div class='entry-content-wrapper clearfix'>\n<div  class='flex_column av-264t5-d66ef232c63c62187d433140f8bd035a av_one_fourth  avia-builder-el-20  el_after_av_section  el_before_av_one_half  avia-builder-el-first  first flex_column_div  '     ><style type=\"text\/css\" data-created_by=\"avia_inline_auto\" id=\"style-css-av-mgqg1jd6-29e2063de2c863d4ff9119bddaa065b5\">\n.avia-image-container.av-mgqg1jd6-29e2063de2c863d4ff9119bddaa065b5 img.avia_image{\nbox-shadow:none;\n}\n.avia-image-container.av-mgqg1jd6-29e2063de2c863d4ff9119bddaa065b5 .av-image-caption-overlay-center{\ncolor:#ffffff;\n}\n<\/style>\n<div  class='avia-image-container av-mgqg1jd6-29e2063de2c863d4ff9119bddaa065b5 av-styling- avia-align-center  avia-builder-el-21  avia-builder-el-no-sibling '   itemprop=\"image\" itemscope=\"itemscope\" itemtype=\"https:\/\/schema.org\/ImageObject\" ><div class=\"avia-image-container-inner\"><div class=\"avia-image-overlay-wrap\"><img decoding=\"async\" fetchpriority=\"high\" class='wp-image-152 avia-img-lazy-loading-not-152 avia_image ' src=\"https:\/\/pucciufficio.it\/web\/wp-content\/uploads\/2025\/10\/Logo_Spring-300x90.jpg\" alt='' title='Logo_Spring'  height=\"90\" width=\"300\"  itemprop=\"thumbnailUrl\" srcset=\"https:\/\/pucciufficio.it\/web\/wp-content\/uploads\/2025\/10\/Logo_Spring-300x90.jpg 300w, https:\/\/pucciufficio.it\/web\/wp-content\/uploads\/2025\/10\/Logo_Spring.jpg 385w\" sizes=\"(max-width: 300px) 100vw, 300px\" \/><\/div><\/div><\/div><\/div>\n<div  class='flex_column av-d5d7d-f86f01b2b6e7eb25f446e637be6d40d4 av_one_half  avia-builder-el-22  el_after_av_one_fourth  el_before_av_one_fourth  flex_column_div  '     ><div  class='avia-button-wrap avia-button-center  avia-builder-el-23  avia-builder-el-no-sibling '>\n<style type=\"text\/css\" data-created_by=\"avia_inline_auto\" id=\"style-css-av-mgqfkzra-1cbb3fe92a3880bcbac9866afdc759a9\">\n#top #wrap_all .avia-button.av-mgqfkzra-1cbb3fe92a3880bcbac9866afdc759a9:hover{\ncolor:white;\ntransition:all 0.4s ease-in-out;\n}\n<\/style>\n<a href='https:\/\/www.sistemi.com\/software-gestionali\/spring\/' class='avia-color-theme-color avia-font-color-theme-color avia-button avia-button-fullwidth av-mgqfkzra-1cbb3fe92a3880bcbac9866afdc759a9 avia-icon_select-yes-left-icon avia-color-theme-color' target=\"_blank\" rel=\"noopener noreferrer\" aria-label=\"Approfondisci SPRING su Sistemi.com\"><span class='avia_button_icon avia_button_icon_left' aria-hidden='true' data-av_icon='\ue8ad' data-av_iconfont='entypo-fontello'><\/span><span class='avia_iconbox_title' >Approfondisci SPRING su Sistemi.com<\/span><span class='avia_button_background avia-button avia-button-fullwidth avia-color-theme-color-highlight'><\/span><\/a><\/div><\/div>\n<div  class='flex_column av-b2oxl-b19ecb48abd91a4fe92db10d220ea1c4 av_one_fourth  avia-builder-el-24  el_after_av_one_half  el_before_av_hr  flex_column_div  '     ><div  class='avia-button-wrap avia-button-center  avia-builder-el-25  avia-builder-el-no-sibling '>\n<style type=\"text\/css\" data-created_by=\"avia_inline_auto\" id=\"style-css-av-mgqg0hu0-53f1d4ca68117aac9f733b234f4c2a82\">\n#top #wrap_all .avia-button.av-mgqg0hu0-53f1d4ca68117aac9f733b234f4c2a82{\nbackground-color:#a7d8d6;\nborder-color:#a7d8d6;\ntransition:all 0.4s ease-in-out;\n}\n#top #wrap_all .avia-button.av-mgqg0hu0-53f1d4ca68117aac9f733b234f4c2a82:hover{\ncolor:white;\ntransition:all 0.4s ease-in-out;\n}\n<\/style>\n<a href='https:\/\/pucciufficio.it\/web\/contatti\/' class='avia-font-color-theme-color avia-button avia-button-fullwidth av-mgqg0hu0-53f1d4ca68117aac9f733b234f4c2a82 avia-icon_select-yes-left-icon avia-color-custom'   aria-label=\"RICHIEDI UNA DEMO\"><span class='avia_button_icon avia_button_icon_left' aria-hidden='true' data-av_icon='\ue85b' data-av_iconfont='entypo-fontello'><\/span><span class='avia_iconbox_title' >RICHIEDI UNA DEMO<\/span><span class='avia_button_background avia-button avia-button-fullwidth avia-color-theme-color-highlight'><\/span><\/a><\/div><\/div><div  class='hr av-6y2nt-9ffee0580f0cb14a84e056d03fc484ef hr-default  avia-builder-el-26  el_after_av_one_fourth  avia-builder-el-last '><span class='hr-inner '><span class=\"hr-inner-style\"><\/span><\/span><\/div><\/p>\n","protected":false},"excerpt":{"rendered":"","protected":false},"author":1,"featured_media":0,"parent":0,"menu_order":0,"comment_status":"closed","ping_status":"closed","template":"","meta":{"pagelayer_contact_templates":[],"_pagelayer_content":"","footnotes":""},"class_list":["post-449","page","type-page","status-publish","hentry"],"_links":{"self":[{"href":"https:\/\/pucciufficio.it\/web\/wp-json\/wp\/v2\/pages\/449","targetHints":{"allow":["GET"]}}],"collection":[{"href":"https:\/\/pucciufficio.it\/web\/wp-json\/wp\/v2\/pages"}],"about":[{"href":"https:\/\/pucciufficio.it\/web\/wp-json\/wp\/v2\/types\/page"}],"author":[{"embeddable":true,"href":"https:\/\/pucciufficio.it\/web\/wp-json\/wp\/v2\/users\/1"}],"replies":[{"embeddable":true,"href":"https:\/\/pucciufficio.it\/web\/wp-json\/wp\/v2\/comments?post=449"}],"version-history":[{"count":13,"href":"https:\/\/pucciufficio.it\/web\/wp-json\/wp\/v2\/pages\/449\/revisions"}],"predecessor-version":[{"id":702,"href":"https:\/\/pucciufficio.it\/web\/wp-json\/wp\/v2\/pages\/449\/revisions\/702"}],"wp:attachment":[{"href":"https:\/\/pucciufficio.it\/web\/wp-json\/wp\/v2\/media?parent=449"}],"curies":[{"name":"wp","href":"https:\/\/api.w.org\/{rel}","templated":true}]}}